{"id":10927,"date":"2024-05-30T08:15:20","date_gmt":"2024-05-30T08:15:20","guid":{"rendered":"https:\/\/desecuretechnology.com\/desecure-gozcu\/"},"modified":"2024-10-02T07:13:12","modified_gmt":"2024-10-02T07:13:12","slug":"desecure-watcher","status":"publish","type":"page","link":"https:\/\/desecuretechnology.com\/en\/desecure-watcher\/","title":{"rendered":"Desecure Watcher"},"content":{"rendered":"\t\t<div data-elementor-type=\"wp-page\" data-elementor-id=\"10927\" class=\"elementor elementor-10927 elementor-7109\">\n\t\t\t\t<div class=\"elementor-element elementor-element-132d67e e-flex e-con-boxed e-con e-parent\" data-id=\"132d67e\" data-element_type=\"container\" data-e-type=\"container\">\n\t\t\t\t\t<div class=\"e-con-inner\">\n\t\t<div class=\"elementor-element elementor-element-ebea0da e-con-full e-flex e-con e-child\" data-id=\"ebea0da\" data-element_type=\"container\" data-e-type=\"container\">\n\t\t\t\t<div class=\"elementor-element elementor-element-3de31ff elementor-widget elementor-widget-text-editor\" data-id=\"3de31ff\" data-element_type=\"widget\" data-e-type=\"widget\" data-widget_type=\"text-editor.default\">\n\t\t\t\t<div class=\"elementor-widget-container\">\n\t\t\t\t\t\t\t\t\t<div class=\"flex max-w-full flex-col flex-grow\"><div class=\"min-h-8 text-message flex w-full flex-col items-end gap-2 whitespace-normal break-words [.text-message+&amp;]:mt-5\" dir=\"auto\" data-message-author-role=\"assistant\" data-message-id=\"7c15f495-4d7e-4cab-a793-e0fb1a614de3\"><div class=\"flex w-full flex-col gap-1 empty:hidden first:pt-[3px]\"><div class=\"markdown prose w-full break-words dark:prose-invert dark\"><p>With the <strong>Desecure Area Monitoring Service<\/strong>, you can monitor your home or workplace from anywhere you have internet access using a smart camera equipped with 360-degree rotation, two-way audio, night vision, and high-resolution monitoring. You can also access your past recordings.<\/p><\/div><\/div><\/div><\/div>\t\t\t\t\t\t\t\t<\/div>\n\t\t\t\t<\/div>\n\t\t<div class=\"elementor-element elementor-element-757d291 e-flex e-con-boxed e-con e-child\" data-id=\"757d291\" data-element_type=\"container\" data-e-type=\"container\">\n\t\t\t\t\t<div class=\"e-con-inner\">\n\t\t<div class=\"elementor-element elementor-element-0f98cd1 e-flex e-con-boxed e-con e-child\" data-id=\"0f98cd1\" data-element_type=\"container\" data-e-type=\"container\">\n\t\t\t\t\t<div class=\"e-con-inner\">\n\t\t\t\t<div class=\"elementor-element elementor-element-d87c214 elementor-widget elementor-widget-panthar-list-item-widget\" data-id=\"d87c214\" data-element_type=\"widget\" data-e-type=\"widget\" data-widget_type=\"panthar-list-item-widget.default\">\n\t\t\t\t<div class=\"elementor-widget-container\">\n\t\t\t\t\t        <div class=\"content-wrapper\">\r\n            <div class=\"list-item-wrap\">\r\n                <ul>\r\n                    \r\n                        <!-- list left icon style -->\r\n                        \r\n                        <li>\r\n                            <span class=\"style-animate-dot\"><\/span>                            <div class=\"content d-inline-block\"> <\/div>\r\n                            <span class=\"detail-content\"> Special solutions for homes and workplaces.<\/span>\r\n                        <\/li>\r\n                        \r\n                    \r\n                        <!-- list left icon style -->\r\n                        \r\n                        <li>\r\n                            <span class=\"style-animate-dot\"><\/span>                            <div class=\"content d-inline-block\"> <\/div>\r\n                            <span class=\"detail-content\"> Continuous Video Recording<\/span>\r\n                        <\/li>\r\n                        \r\n                    \r\n                        <!-- list left icon style -->\r\n                        \r\n                        <li>\r\n                            <span class=\"style-animate-dot\"><\/span>                            <div class=\"content d-inline-block\"> <\/div>\r\n                            <span class=\"detail-content\"> Freedom to Monitor Anywhere You Want<\/span>\r\n                        <\/li>\r\n                        \r\n                                    <\/ul>\r\n            <\/div>\r\n        <\/div>\r\n        \t\t\t\t<\/div>\n\t\t\t\t<\/div>\n\t\t\t\t\t<\/div>\n\t\t\t\t<\/div>\n\t\t<div class=\"elementor-element elementor-element-8617fab e-flex e-con-boxed e-con e-child\" data-id=\"8617fab\" data-element_type=\"container\" data-e-type=\"container\">\n\t\t\t\t\t<div class=\"e-con-inner\">\n\t\t\t\t<div class=\"elementor-element elementor-element-342ff35 elementor-widget elementor-widget-panthar-list-item-widget\" data-id=\"342ff35\" data-element_type=\"widget\" data-e-type=\"widget\" data-widget_type=\"panthar-list-item-widget.default\">\n\t\t\t\t<div class=\"elementor-widget-container\">\n\t\t\t\t\t        <div class=\"content-wrapper\">\r\n            <div class=\"list-item-wrap\">\r\n                <ul>\r\n                    \r\n                        <!-- list left icon style -->\r\n                        \r\n                        <li>\r\n                            <span class=\"style-animate-dot\"><\/span>                            <div class=\"content d-inline-block\"> <\/div>\r\n                            <span class=\"detail-content\"> Motion Sensor Alert Notification\n\n\n\n\n\n\n<\/span>\r\n                        <\/li>\r\n                        \r\n                    \r\n                        <!-- list left icon style -->\r\n                        \r\n                        <li>\r\n                            <span class=\"style-animate-dot\"><\/span>                            <div class=\"content d-inline-block\"> <\/div>\r\n                            <span class=\"detail-content\"> Aesthetic Camera Designs\n\n\n\n\n\n\n<\/span>\r\n                        <\/li>\r\n                        \r\n                    \r\n                        <!-- list left icon style -->\r\n                        \r\n                        <li>\r\n                            <span class=\"style-animate-dot\"><\/span>                            <div class=\"content d-inline-block\"> <\/div>\r\n                            <span class=\"detail-content\"> High-Resolution Night Vision\n<\/span>\r\n                        <\/li>\r\n                        \r\n                                    <\/ul>\r\n            <\/div>\r\n        <\/div>\r\n        \t\t\t\t<\/div>\n\t\t\t\t<\/div>\n\t\t\t\t\t<\/div>\n\t\t\t\t<\/div>\n\t\t\t\t\t<\/div>\n\t\t\t\t<\/div>\n\t\t\t\t<\/div>\n\t\t<div class=\"elementor-element elementor-element-6c4a852 e-con-full e-flex e-con e-child\" data-id=\"6c4a852\" data-element_type=\"container\" data-e-type=\"container\">\n\t\t\t\t<div class=\"elementor-element elementor-element-347b8fa elementor-widget elementor-widget-image\" data-id=\"347b8fa\" data-element_type=\"widget\" data-e-type=\"widget\" data-widget_type=\"image.default\">\n\t\t\t\t<div class=\"elementor-widget-container\">\n\t\t\t\t\t\t\t\t\t\t\t\t\t\t\t<img fetchpriority=\"high\" decoding=\"async\" width=\"740\" height=\"555\" src=\"https:\/\/desecuretechnology.com\/wp-content\/uploads\/2024\/05\/gozcu-min-1024x768.png\" class=\"attachment-large size-large wp-image-10517\" alt=\"\" srcset=\"https:\/\/desecuretechnology.com\/wp-content\/uploads\/2024\/05\/gozcu-min-1024x768.png 1024w, https:\/\/desecuretechnology.com\/wp-content\/uploads\/2024\/05\/gozcu-min-300x225.png 300w, https:\/\/desecuretechnology.com\/wp-content\/uploads\/2024\/05\/gozcu-min-768x576.png 768w, https:\/\/desecuretechnology.com\/wp-content\/uploads\/2024\/05\/gozcu-min-1536x1152.png 1536w, https:\/\/desecuretechnology.com\/wp-content\/uploads\/2024\/05\/gozcu-min-600x450.png 600w, https:\/\/desecuretechnology.com\/wp-content\/uploads\/2024\/05\/gozcu-min.png 1890w\" sizes=\"(max-width: 740px) 100vw, 740px\" \/>\t\t\t\t\t\t\t\t\t\t\t\t\t\t\t<\/div>\n\t\t\t\t<\/div>\n\t\t\t\t<\/div>\n\t\t\t\t\t<\/div>\n\t\t\t\t<\/div>\n\t\t<div class=\"elementor-element elementor-element-f0ffad3 e-flex e-con-boxed e-con e-parent\" data-id=\"f0ffad3\" data-element_type=\"container\" data-e-type=\"container\">\n\t\t\t\t\t<div class=\"e-con-inner\">\n\t\t<div class=\"elementor-element elementor-element-de59af2 e-con-full e-flex e-con e-child\" data-id=\"de59af2\" data-element_type=\"container\" data-e-type=\"container\">\n\t\t\t\t<div class=\"elementor-element elementor-element-2e30dc8 elementor-view-default elementor-widget elementor-widget-icon\" data-id=\"2e30dc8\" data-element_type=\"widget\" data-e-type=\"widget\" data-widget_type=\"icon.default\">\n\t\t\t\t<div class=\"elementor-widget-container\">\n\t\t\t\t\t\t\t<div class=\"elementor-icon-wrapper\">\n\t\t\t<a class=\"elementor-icon\" href=\"https:\/\/www.youtube.com\/watch?v=nQnGu9Ipu4w\" target=\"_blank\" rel=\"noopener\">\n\t\t\t<svg aria-hidden=\"true\" class=\"e-font-icon-svg e-fas-play-circle\" viewBox=\"0 0 512 512\" xmlns=\"http:\/\/www.w3.org\/2000\/svg\"><path d=\"M256 8C119 8 8 119 8 256s111 248 248 248 248-111 248-248S393 8 256 8zm115.7 272l-176 101c-15.8 8.8-35.7-2.5-35.7-21V152c0-18.4 19.8-29.8 35.7-21l176 107c16.4 9.2 16.4 32.9 0 42z\"><\/path><\/svg>\t\t\t<\/a>\n\t\t<\/div>\n\t\t\t\t\t\t<\/div>\n\t\t\t\t<\/div>\n\t\t\t\t<\/div>\n\t\t<div class=\"elementor-element elementor-element-bedbe2d e-con-full e-flex e-con e-child\" data-id=\"bedbe2d\" data-element_type=\"container\" data-e-type=\"container\">\n\t\t\t\t<div class=\"elementor-element elementor-element-0ed5b52 elementor-widget elementor-widget-heading\" data-id=\"0ed5b52\" data-element_type=\"widget\" data-e-type=\"widget\" data-widget_type=\"heading.default\">\n\t\t\t\t<div class=\"elementor-widget-container\">\n\t\t\t\t\t<h2 class=\"elementor-heading-title elementor-size-default\"> <span style=\"color: red\">WHAT IS<\/span> DESECURE WATCHER?<BR><\/h2>\t\t\t\t<\/div>\n\t\t\t\t<\/div>\n\t\t\t\t<div class=\"elementor-element elementor-element-ed389f2 elementor-widget elementor-widget-text-editor\" data-id=\"ed389f2\" data-element_type=\"widget\" data-e-type=\"widget\" data-widget_type=\"text-editor.default\">\n\t\t\t\t<div class=\"elementor-widget-container\">\n\t\t\t\t\t\t\t\t\t<div class=\"flex max-w-full flex-col flex-grow\"><div class=\"min-h-8 text-message flex w-full flex-col items-end gap-2 whitespace-normal break-words [.text-message+&amp;]:mt-5\" dir=\"auto\" data-message-author-role=\"assistant\" data-message-id=\"32627985-1601-4f6a-a5fb-5526ae60de2e\"><div class=\"flex w-full flex-col gap-1 empty:hidden first:pt-[3px]\"><div class=\"markdown prose w-full break-words dark:prose-invert dark\"><p>For more information about the innovative solutions offered by our private security services and the advantages of our mobile application, click the YouTube link. In this video, you can find detailed content on the use of mobile handheld terminals, remote camera monitoring, unauthorized entry detection, and much more. You can watch our video to enhance the security of your business and feel safer.<\/p><\/div><\/div><\/div><\/div>\t\t\t\t\t\t\t\t<\/div>\n\t\t\t\t<\/div>\n\t\t\t\t<\/div>\n\t\t\t\t\t<\/div>\n\t\t\t\t<\/div>\n\t\t<div class=\"elementor-element elementor-element-2504e87 e-flex e-con-boxed e-con e-parent\" data-id=\"2504e87\" data-element_type=\"container\" data-e-type=\"container\">\n\t\t\t\t\t<div class=\"e-con-inner\">\n\t\t\t\t<div class=\"elementor-element elementor-element-3fdb851 elementor-widget-divider--view-line elementor-widget elementor-widget-divider\" data-id=\"3fdb851\" data-element_type=\"widget\" data-e-type=\"widget\" data-widget_type=\"divider.default\">\n\t\t\t\t<div class=\"elementor-widget-container\">\n\t\t\t\t\t\t\t<div class=\"elementor-divider\">\n\t\t\t<span class=\"elementor-divider-separator\">\n\t\t\t\t\t\t<\/span>\n\t\t<\/div>\n\t\t\t\t\t\t<\/div>\n\t\t\t\t<\/div>\n\t\t\t\t\t<\/div>\n\t\t\t\t<\/div>\n\t\t<div class=\"elementor-element elementor-element-d1a8991 e-flex e-con-boxed e-con e-parent\" data-id=\"d1a8991\" data-element_type=\"container\" data-e-type=\"container\">\n\t\t\t\t\t<div class=\"e-con-inner\">\n\t\t\t\t<div class=\"elementor-element elementor-element-ce8a569 elementor-widget elementor-widget-html\" data-id=\"ce8a569\" data-element_type=\"widget\" data-e-type=\"widget\" data-widget_type=\"html.default\">\n\t\t\t\t<div class=\"elementor-widget-container\">\n\t\t\t\t\t<link rel=\"stylesheet\" href=\"https:\/\/unpkg.com\/swiper\/swiper-bundle.min.css\" \/>\r\n<script src=\"https:\/\/unpkg.com\/swiper\/swiper-bundle.min.js\"><\/script>\r\n<style>\r\n\/* Swiper container ayarlar\u0131 *\/\r\n.swiper-container {\r\n    width: 80%; \/* Geni\u015fli\u011fi k\u00fc\u00e7\u00fclt *\/\r\n    height: 100%;\r\n    box-sizing: border-box; \/* Ta\u015fma sorunlar\u0131n\u0131 \u00f6nlemek i\u00e7in *\/\r\n    overflow: hidden; \/* Ta\u015fma sorunlar\u0131n\u0131 \u00f6nlemek i\u00e7in *\/\r\n    margin: 0 auto; \/* Ortalamak i\u00e7in *\/\r\n}\r\n\r\n\/* Swiper slide ayarlar\u0131 *\/\r\n.swiper-slide {\r\n    text-align: center;\r\n    font-size: 18px;\r\n    background: #fff;\r\n    display: flex;\r\n    justify-content: center;\r\n    align-items: center;\r\n    box-sizing: border-box; \/* Ta\u015fma sorunlar\u0131n\u0131 \u00f6nlemek i\u00e7in *\/\r\n    overflow: hidden; \/* Ta\u015fma sorunlar\u0131n\u0131 \u00f6nlemek i\u00e7in *\/\r\n}\r\n\r\n\/* G\u00f6rsellerin responsive olmas\u0131n\u0131 sa\u011flama *\/\r\n.swiper-slide img {\r\n    display: block;\r\n    width: 100%;\r\n    height: auto;\r\n}\r\n\r\n\/* Sa\u011f ve sol oklar\u0131 \u00f6zelle\u015ftir *\/\r\n.swiper-button-next, .swiper-button-prev {\r\n    color: red; \/* Oklar\u0131 k\u0131rm\u0131z\u0131 yap *\/\r\n    background-color: transparent; \/* Arka plan\u0131 kald\u0131r *\/\r\n    border-radius: 50%; \/* Yuvarlak \u015fekil *\/\r\n    width: 30px; \/* Oklar\u0131 k\u00fc\u00e7\u00fclt *\/\r\n    height: 30px; \/* Oklar\u0131 k\u00fc\u00e7\u00fclt *\/\r\n    display: flex;\r\n    align-items: center;\r\n    justify-content: center;\r\n}\r\n\r\n\/* Sa\u011f ok *\/\r\n.swiper-button-next {\r\n    right: -10px; \/* Sa\u011f d\u0131\u015fa ta\u015f\u0131r *\/\r\n}\r\n\r\n\/* Sol ok *\/\r\n.swiper-button-prev {\r\n    left: -10px; \/* Sol d\u0131\u015fa ta\u015f\u0131r *\/\r\n}\r\n\r\n\/* Hover efektini kald\u0131r *\/\r\n.swiper-button-next:hover, .swiper-button-prev:hover {\r\n    background-color: transparent;\r\n    color: red;\r\n}\r\n<\/style>\r\n<div class=\"swiper-container\">\r\n    <div class=\"swiper-wrapper\">\r\n        <div class=\"swiper-slide\">\r\n            <a href=\"https:\/\/desecuretechnology.com\/mobil-guvenlik-sistemi\/\">\r\n                <img decoding=\"async\" src=\"https:\/\/desecuretechnology.com\/wp-content\/uploads\/2024\/05\/mgs-1.png\" alt=\"G\u00fcvenlik Teknolojileri\">\r\n            <\/a>\r\n        <\/div>\r\n        <div class=\"swiper-slide\">\r\n            <a href=\"https:\/\/desecuretechnology.com\/desecure-drone\/\">\r\n                <img decoding=\"async\" src=\"https:\/\/desecuretechnology.com\/wp-content\/uploads\/2024\/05\/drone.png\" alt=\"G\u00fcvenlik Teknolojileri\">\r\n            <\/a>\r\n        <\/div>\r\n        <div class=\"swiper-slide\">\r\n            <a href=\"https:\/\/desecuretechnology.com\/video-analizi\/\">\r\n                <img decoding=\"async\" src=\"https:\/\/desecuretechnology.com\/wp-content\/uploads\/2024\/05\/sas.png\" alt=\"G\u00fcvenlik Teknolojileri\">\r\n            <\/a>\r\n        <\/div>\r\n        <div class=\"swiper-slide\">\r\n            <a href=\"https:\/\/desecuretechnology.com\/mesai-takip-sistemi\/\">\r\n                <img decoding=\"async\" src=\"https:\/\/desecuretechnology.com\/wp-content\/uploads\/2024\/05\/mts.png\" alt=\"G\u00fcvenlik Teknolojileri\">\r\n            <\/a>\r\n        <\/div>\r\n        <div class=\"swiper-slide\">\r\n            <a href=\"https:\/\/desecuretechnology.com\/desecure-hayat\/\">\r\n                <img decoding=\"async\" src=\"https:\/\/desecuretechnology.com\/wp-content\/uploads\/2024\/05\/hayat.png\" alt=\"G\u00fcvenlik Teknolojileri\">\r\n            <\/a>\r\n        <\/div>\r\n        <div class=\"swiper-slide\">\r\n            <a href=\"https:\/\/desecuretechnology.com\/mobil-izleme-hizmeti\/\">\r\n                <img decoding=\"async\" src=\"https:\/\/desecuretechnology.com\/wp-content\/uploads\/2024\/05\/gozcu.png\" alt=\"G\u00fcvenlik Teknolojileri\">\r\n            <\/a>\r\n        <\/div>\r\n        <!-- Gerekirse daha fazla slide ekleyebilirsiniz -->\r\n    <\/div>\r\n    <!-- Pagination Ekle -->\r\n    <div class=\"swiper-pagination\"><\/div>\r\n    <!-- Navigation Ekle -->\r\n    <div class=\"swiper-button-next\"><\/div>\r\n    <div class=\"swiper-button-prev\"><\/div>\r\n<\/div>\r\n<script>\r\n  var swiper = new Swiper('.swiper-container', {\r\n    slidesPerView: 4,   \/\/ Bir seferde 4 g\u00f6rsel g\u00f6ster\r\n    spaceBetween: 10,   \/\/ G\u00f6rseller aras\u0131ndaki bo\u015fluk\r\n    slidesPerGroup: 1,  \/\/ Her seferinde 1 slide kayd\u0131r\r\n    loop: true,         \/\/ Sonsuz d\u00f6ng\u00fc\r\n    pagination: {\r\n      el: '.swiper-pagination',\r\n      clickable: true,\r\n    },\r\n    navigation: {\r\n      nextEl: '.swiper-button-next',\r\n      prevEl: '.swiper-button-prev',\r\n    },\r\n    autoplay: {\r\n      delay: 3000, \/\/ 4 saniye\r\n      disableOnInteraction: false, \/\/ Kullan\u0131c\u0131 etkile\u015fimi sonras\u0131 durma\r\n    },\r\n  });\r\n<\/script>\r\n\t\t\t\t<\/div>\n\t\t\t\t<\/div>\n\t\t\t\t\t<\/div>\n\t\t\t\t<\/div>\n\t\t<div class=\"elementor-element elementor-element-b88db22 e-flex e-con-boxed e-con e-parent\" data-id=\"b88db22\" data-element_type=\"container\" data-e-type=\"container\">\n\t\t\t\t\t<div class=\"e-con-inner\">\n\t\t\t\t<div class=\"elementor-element elementor-element-36d0607 elementor-widget-divider--view-line elementor-widget elementor-widget-divider\" data-id=\"36d0607\" data-element_type=\"widget\" data-e-type=\"widget\" data-widget_type=\"divider.default\">\n\t\t\t\t<div class=\"elementor-widget-container\">\n\t\t\t\t\t\t\t<div class=\"elementor-divider\">\n\t\t\t<span class=\"elementor-divider-separator\">\n\t\t\t\t\t\t<\/span>\n\t\t<\/div>\n\t\t\t\t\t\t<\/div>\n\t\t\t\t<\/div>\n\t\t\t\t\t<\/div>\n\t\t\t\t<\/div>\n\t\t\t\t<section class=\"elementor-section elementor-top-section elementor-element elementor-element-3365f08 elementor-section-boxed elementor-section-height-default elementor-section-height-default\" data-id=\"3365f08\" data-element_type=\"section\" data-e-type=\"section\" data-settings=\"{&quot;background_background&quot;:&quot;classic&quot;}\">\n\t\t\t\t\t\t\t<div class=\"elementor-background-overlay\"><\/div>\n\t\t\t\t\t\t\t<div class=\"elementor-container elementor-column-gap-default\">\n\t\t\t\t\t<div class=\"elementor-column elementor-col-100 elementor-top-column elementor-element elementor-element-489f2a2\" data-id=\"489f2a2\" data-element_type=\"column\" data-e-type=\"column\">\n\t\t\t<div class=\"elementor-widget-wrap elementor-element-populated\">\n\t\t\t\t\t\t<div class=\"elementor-element elementor-element-661b2e3 elementor-widget elementor-widget-panthar-section-title-widget\" data-id=\"661b2e3\" data-element_type=\"widget\" data-e-type=\"widget\" data-widget_type=\"panthar-section-title-widget.default\">\n\t\t\t\t<div class=\"elementor-widget-container\">\n\t\t\t\t\t\r\n        <div class=\"theme-heading-title\" style=\"text-align:left\">\r\n                                        <h3 class=\"title\">\r\n                    DO YOU HAVE A QUESTION?                <\/h3>\r\n                                    <p>At DESECURE Technology, we are here to offer customized solutions for your security needs. Contact us to get all the information you need, talk about your projects and evaluate the most suitable security options for you. Our team of experts will be happy to answer your questions and assist you.<\/p>                    <\/div>\r\n        \t\t\t\t<\/div>\n\t\t\t\t<\/div>\n\t\t\t\t<div class=\"elementor-element elementor-element-75f0fab elementor-widget elementor-widget-panthar-contact-info-widget\" data-id=\"75f0fab\" data-element_type=\"widget\" data-e-type=\"widget\" data-widget_type=\"panthar-contact-info-widget.default\">\n\t\t\t\t<div class=\"elementor-widget-container\">\n\t\t\t\t\t\n        \n        <div class=\"media contact-info-box icon-box-item\"\n             style=\"text-align:left\">\n            <div class=\"media-left icon-wrap icon-wrap-border\">\n                <div class=\"icon-wrap-inner\">\n                                            <div class=\"icon\">\n                            <i aria-hidden=\"true\" class=\"icomoon icomoon-phone-call\"><\/i>                        <\/div>\n                                    <\/div>\n            <\/div>\n            <div class=\"media-body content align-self-center\">\n                \n                    <h3 class=\"title\">\n                        444 76 98                    <\/h3>\n                    \n                            <\/div>\n        <\/div> \n\n        \t\t\t\t<\/div>\n\t\t\t\t<\/div>\n\t\t\t\t<div class=\"elementor-element elementor-element-f832fbd elementor-widget elementor-widget-panthar-contact-info-widget\" data-id=\"f832fbd\" data-element_type=\"widget\" data-e-type=\"widget\" data-widget_type=\"panthar-contact-info-widget.default\">\n\t\t\t\t<div class=\"elementor-widget-container\">\n\t\t\t\t\t\n        \n        <div class=\"media contact-info-box icon-box-item\"\n             style=\"text-align:left\">\n            <div class=\"media-left icon-wrap icon-wrap-border\">\n                <div class=\"icon-wrap-inner\">\n                                            <div class=\"icon\">\n                            <i aria-hidden=\"true\" class=\"icomoon icomoon-mail-2\"><\/i>                        <\/div>\n                                    <\/div>\n            <\/div>\n            <div class=\"media-body content align-self-center\">\n                \n                    <h3 class=\"title\">\n                        info@desecuretechnology.com                    <\/h3>\n                    \n                            <\/div>\n        <\/div> \n\n        \t\t\t\t<\/div>\n\t\t\t\t<\/div>\n\t\t\t\t<div class=\"elementor-element elementor-element-8352781 elementor-widget__width-auto elementor-view-default elementor-widget elementor-widget-icon\" data-id=\"8352781\" data-element_type=\"widget\" data-e-type=\"widget\" data-widget_type=\"icon.default\">\n\t\t\t\t<div class=\"elementor-widget-container\">\n\t\t\t\t\t\t\t<div class=\"elementor-icon-wrapper\">\n\t\t\t<div class=\"elementor-icon\">\n\t\t\t<i aria-hidden=\"true\" class=\"icomoon icomoon-share\"><\/i>\t\t\t<\/div>\n\t\t<\/div>\n\t\t\t\t\t\t<\/div>\n\t\t\t\t<\/div>\n\t\t\t\t<div class=\"elementor-element elementor-element-1c217ec elementor-icon-list--layout-inline elementor-widget__width-auto elementor-list-item-link-full_width elementor-widget elementor-widget-icon-list\" data-id=\"1c217ec\" data-element_type=\"widget\" data-e-type=\"widget\" data-widget_type=\"icon-list.default\">\n\t\t\t\t<div class=\"elementor-widget-container\">\n\t\t\t\t\t\t\t<ul class=\"elementor-icon-list-items elementor-inline-items\">\n\t\t\t\t\t\t\t<li class=\"elementor-icon-list-item elementor-inline-item\">\n\t\t\t\t\t\t\t\t\t\t\t<a href=\"https:\/\/www.instagram.com\/desecuretechnology\/\" target=\"_blank\" rel=\"noopener\">\n\n\t\t\t\t\t\t\t\t\t\t\t<span class=\"elementor-icon-list-text\">INSTAGRAM<\/span>\n\t\t\t\t\t\t\t\t\t\t\t<\/a>\n\t\t\t\t\t\t\t\t\t<\/li>\n\t\t\t\t\t\t\t\t<li class=\"elementor-icon-list-item elementor-inline-item\">\n\t\t\t\t\t\t\t\t\t\t\t<a href=\"https:\/\/www.youtube.com\/@DesecureAlarm\" target=\"_blank\" rel=\"noopener\">\n\n\t\t\t\t\t\t\t\t\t\t\t<span class=\"elementor-icon-list-text\">YOUTUBE<\/span>\n\t\t\t\t\t\t\t\t\t\t\t<\/a>\n\t\t\t\t\t\t\t\t\t<\/li>\n\t\t\t\t\t\t\t\t<li class=\"elementor-icon-list-item elementor-inline-item\">\n\t\t\t\t\t\t\t\t\t\t\t<a href=\"https:\/\/www.linkedin.com\/in\/desecure-technology-408060309\/\" target=\"_blank\" rel=\"noopener\">\n\n\t\t\t\t\t\t\t\t\t\t\t\t<span class=\"elementor-icon-list-icon\">\n\t\t\t\t\t\t\t<svg aria-hidden=\"true\" class=\"e-font-icon-svg e-fab-linkedin\" viewBox=\"0 0 448 512\" xmlns=\"http:\/\/www.w3.org\/2000\/svg\"><path d=\"M416 32H31.9C14.3 32 0 46.5 0 64.3v383.4C0 465.5 14.3 480 31.9 480H416c17.6 0 32-14.5 32-32.3V64.3c0-17.8-14.4-32.3-32-32.3zM135.4 416H69V202.2h66.5V416zm-33.2-243c-21.3 0-38.5-17.3-38.5-38.5S80.9 96 102.2 96c21.2 0 38.5 17.3 38.5 38.5 0 21.3-17.2 38.5-38.5 38.5zm282.1 243h-66.4V312c0-24.8-.5-56.7-34.5-56.7-34.6 0-39.9 27-39.9 54.9V416h-66.4V202.2h63.7v29.2h.9c8.9-16.8 30.6-34.5 62.9-34.5 67.2 0 79.7 44.3 79.7 101.9V416z\"><\/path><\/svg>\t\t\t\t\t\t<\/span>\n\t\t\t\t\t\t\t\t\t\t<span class=\"elementor-icon-list-text\">LINKEDIN<\/span>\n\t\t\t\t\t\t\t\t\t\t\t<\/a>\n\t\t\t\t\t\t\t\t\t<\/li>\n\t\t\t\t\t\t<\/ul>\n\t\t\t\t\t\t<\/div>\n\t\t\t\t<\/div>\n\t\t\t\t\t<\/div>\n\t\t<\/div>\n\t\t\t\t\t<\/div>\n\t\t<\/section>\n\t\t\t\t<\/div>\n\t\t","protected":false},"excerpt":{"rendered":"<p>With the Desecure Area Monitoring Service, you can monitor your home or workplace from anywhere you have internet access using a smart camera equipped with 360-degree rotation, two-way audio, night vision, and high-resolution monitoring. You can also access your past recordings. Special solutions for homes and workplaces. Continuous Video Recording Freedom to Monitor Anywhere You<\/p>\n","protected":false},"author":1,"featured_media":0,"parent":0,"menu_order":0,"comment_status":"closed","ping_status":"closed","template":"","meta":{"footnotes":""},"class_list":["post-10927","page","type-page","status-publish","hentry"],"_links":{"self":[{"href":"https:\/\/desecuretechnology.com\/en\/wp-json\/wp\/v2\/pages\/10927","targetHints":{"allow":["GET"]}}],"collection":[{"href":"https:\/\/desecuretechnology.com\/en\/wp-json\/wp\/v2\/pages"}],"about":[{"href":"https:\/\/desecuretechnology.com\/en\/wp-json\/wp\/v2\/types\/page"}],"author":[{"embeddable":true,"href":"https:\/\/desecuretechnology.com\/en\/wp-json\/wp\/v2\/users\/1"}],"replies":[{"embeddable":true,"href":"https:\/\/desecuretechnology.com\/en\/wp-json\/wp\/v2\/comments?post=10927"}],"version-history":[{"count":9,"href":"https:\/\/desecuretechnology.com\/en\/wp-json\/wp\/v2\/pages\/10927\/revisions"}],"predecessor-version":[{"id":10940,"href":"https:\/\/desecuretechnology.com\/en\/wp-json\/wp\/v2\/pages\/10927\/revisions\/10940"}],"wp:attachment":[{"href":"https:\/\/desecuretechnology.com\/en\/wp-json\/wp\/v2\/media?parent=10927"}],"curies":[{"name":"wp","href":"https:\/\/api.w.org\/{rel}","templated":true}]}}