{"id":11072,"date":"2022-02-24T04:31:41","date_gmt":"2022-02-24T04:31:41","guid":{"rendered":"https:\/\/desecuretechnology.com\/iletisim\/"},"modified":"2024-11-04T18:35:56","modified_gmt":"2024-11-04T18:35:56","slug":"contact","status":"publish","type":"page","link":"https:\/\/desecuretechnology.com\/en\/contact\/","title":{"rendered":"Contact"},"content":{"rendered":"\t\t<div data-elementor-type=\"wp-page\" data-elementor-id=\"11072\" class=\"elementor elementor-11072 elementor-4816\">\n\t\t\t\t\t\t<section class=\"elementor-section elementor-top-section elementor-element elementor-element-21f87e7 elementor-section-boxed elementor-section-height-default elementor-section-height-default\" data-id=\"21f87e7\" data-element_type=\"section\" data-e-type=\"section\" data-settings=\"{&quot;background_background&quot;:&quot;classic&quot;}\">\n\t\t\t\t\t\t<div class=\"elementor-container elementor-column-gap-default\">\n\t\t\t\t\t<div class=\"elementor-column elementor-col-33 elementor-top-column elementor-element elementor-element-10963ff\" data-id=\"10963ff\" data-element_type=\"column\" data-e-type=\"column\">\n\t\t\t<div class=\"elementor-widget-wrap elementor-element-populated\">\n\t\t\t\t\t\t<div class=\"elementor-element elementor-element-3da88a2 top-image-bounce elementor-widget__width-auto elementor-absolute elementor-view-default elementor-widget elementor-widget-icon\" data-id=\"3da88a2\" data-element_type=\"widget\" data-e-type=\"widget\" data-settings=\"{&quot;_position&quot;:&quot;absolute&quot;}\" data-widget_type=\"icon.default\">\n\t\t\t\t<div class=\"elementor-widget-container\">\n\t\t\t\t\t\t\t<div class=\"elementor-icon-wrapper\">\n\t\t\t<div class=\"elementor-icon\">\n\t\t\t\t\t\t<\/div>\n\t\t<\/div>\n\t\t\t\t\t\t<\/div>\n\t\t\t\t<\/div>\n\t\t\t\t<div class=\"elementor-element elementor-element-5b0a94d elementor-widget elementor-widget-panthar-icon-box-widget\" data-id=\"5b0a94d\" data-element_type=\"widget\" data-e-type=\"widget\" data-widget_type=\"panthar-icon-box-widget.default\">\n\t\t\t\t<div class=\"elementor-widget-container\">\n\t\t\t\t\t            <div class=\"intro-icon-box-3 icon-box-item top\"\n                 style=\"text-align:left\">\n                <div class=\"icon-wrap\">\n                                            <div class=\"icon\">\n                                                    <\/div>\n                                    <\/div>\n                <div class=\"content\">\n                    <a class=\"icon-box-anchor\" ><h3 class=\"title\">General Directorate<\/h3><\/a><p>Toprakl\u0131k Mahallesi \u0130zmir Bulvar\u0131 No:17\/A <\/p><h2 class=\"count-value \">Pamukkale\/Denizli <i class=\"icomoon-top-right-arrow\"><\/i><\/h2>                <\/div>\n            <\/div>\n        \t\t\t\t<\/div>\n\t\t\t\t<\/div>\n\t\t\t\t<div class=\"elementor-element elementor-element-ed53561 elementor-widget elementor-widget-panthar-icon-box-widget\" data-id=\"ed53561\" data-element_type=\"widget\" data-e-type=\"widget\" data-widget_type=\"panthar-icon-box-widget.default\">\n\t\t\t\t<div class=\"elementor-widget-container\">\n\t\t\t\t\t            <div class=\"intro-icon-box-3 icon-box-item top\"\n                 style=\"text-align:left\">\n                <div class=\"icon-wrap\">\n                                            <div class=\"icon\">\n                            <i aria-hidden=\"true\" class=\"icomoon icomoon-phone\"><\/i>                        <\/div>\n                                    <\/div>\n                <div class=\"content\">\n                    <a class=\"icon-box-anchor\" ><h3 class=\"title\">Phone<\/h3><\/a><h2 class=\"count-value \">444 76 98 <i class=\"icomoon-top-right-arrow\"><\/i><\/h2>                <\/div>\n            <\/div>\n        \t\t\t\t<\/div>\n\t\t\t\t<\/div>\n\t\t\t\t<div class=\"elementor-element elementor-element-cb910c2 elementor-widget elementor-widget-panthar-icon-box-widget\" data-id=\"cb910c2\" data-element_type=\"widget\" data-e-type=\"widget\" data-widget_type=\"panthar-icon-box-widget.default\">\n\t\t\t\t<div class=\"elementor-widget-container\">\n\t\t\t\t\t            <div class=\"intro-icon-box-3 icon-box-item top\"\n                 style=\"text-align:left\">\n                <div class=\"icon-wrap\">\n                                            <div class=\"icon\">\n                            <i aria-hidden=\"true\" class=\"icomoon icomoon-mail-2\"><\/i>                        <\/div>\n                                    <\/div>\n                <div class=\"content\">\n                    <a class=\"icon-box-anchor\" ><h3 class=\"title\">E-Mail<\/h3><\/a><h2 class=\"count-value \">bilgi@desecuretechnology.com <i class=\"icomoon-top-right-arrow\"><\/i><\/h2>                <\/div>\n            <\/div>\n        \t\t\t\t<\/div>\n\t\t\t\t<\/div>\n\t\t\t\t\t<\/div>\n\t\t<\/div>\n\t\t\t\t<div class=\"elementor-column elementor-col-33 elementor-top-column elementor-element elementor-element-09ec0e8\" data-id=\"09ec0e8\" data-element_type=\"column\" data-e-type=\"column\">\n\t\t\t<div class=\"elementor-widget-wrap elementor-element-populated\">\n\t\t\t\t\t\t<div class=\"elementor-element elementor-element-799156c elementor-widget elementor-widget-panthar-icon-box-widget\" data-id=\"799156c\" data-element_type=\"widget\" data-e-type=\"widget\" data-widget_type=\"panthar-icon-box-widget.default\">\n\t\t\t\t<div class=\"elementor-widget-container\">\n\t\t\t\t\t            <div class=\"intro-icon-box-3 icon-box-item top\"\n                 style=\"text-align:left\">\n                <div class=\"icon-wrap\">\n                                            <div class=\"icon\">\n                                                    <\/div>\n                                    <\/div>\n                <div class=\"content\">\n                    <a class=\"icon-box-anchor\" ><h3 class=\"title\">Western Black Sea Regional Directorate<\/h3><\/a><p>Sa\u011fl\u0131k Mahallesi Mehmet Zekai Konpara Bulvar\u0131 No:31\/A 13-14\n\n<\/p><h2 class=\"count-value \">Merkez\/Bolu <i class=\"icomoon-top-right-arrow\"><\/i><\/h2>                <\/div>\n            <\/div>\n        \t\t\t\t<\/div>\n\t\t\t\t<\/div>\n\t\t\t\t<div class=\"elementor-element elementor-element-98ae445 elementor-widget elementor-widget-panthar-icon-box-widget\" data-id=\"98ae445\" data-element_type=\"widget\" data-e-type=\"widget\" data-widget_type=\"panthar-icon-box-widget.default\">\n\t\t\t\t<div class=\"elementor-widget-container\">\n\t\t\t\t\t            <div class=\"intro-icon-box-3 icon-box-item top\"\n                 style=\"text-align:left\">\n                <div class=\"icon-wrap\">\n                                            <div class=\"icon\">\n                                                    <\/div>\n                                    <\/div>\n                <div class=\"content\">\n                    <a class=\"icon-box-anchor\" ><h3 class=\"title\">Eastern Anatolia Regional Directorate<\/h3><\/a><p>\u00d6zalper Mahallesi Kemal Tahir Sokak 11\/15-3 \n\n<\/p><h2 class=\"count-value \">Ye\u015filyurt\/Malatya <i class=\"icomoon-top-right-arrow\"><\/i><\/h2>                <\/div>\n            <\/div>\n        \t\t\t\t<\/div>\n\t\t\t\t<\/div>\n\t\t\t\t\t<\/div>\n\t\t<\/div>\n\t\t\t\t<div class=\"elementor-column elementor-col-33 elementor-top-column elementor-element elementor-element-7ed1536\" data-id=\"7ed1536\" data-element_type=\"column\" data-e-type=\"column\">\n\t\t\t<div class=\"elementor-widget-wrap elementor-element-populated\">\n\t\t\t\t\t\t<div class=\"elementor-element elementor-element-87e77c1 top-image-bounce elementor-widget__width-auto elementor-absolute elementor-view-default elementor-widget elementor-widget-icon\" data-id=\"87e77c1\" data-element_type=\"widget\" data-e-type=\"widget\" data-settings=\"{&quot;_position&quot;:&quot;absolute&quot;}\" data-widget_type=\"icon.default\">\n\t\t\t\t<div class=\"elementor-widget-container\">\n\t\t\t\t\t\t\t<div class=\"elementor-icon-wrapper\">\n\t\t\t<div class=\"elementor-icon\">\n\t\t\t\t\t\t<\/div>\n\t\t<\/div>\n\t\t\t\t\t\t<\/div>\n\t\t\t\t<\/div>\n\t\t\t\t<div class=\"elementor-element elementor-element-dbeceb6 elementor-widget elementor-widget-panthar-icon-box-widget\" data-id=\"dbeceb6\" data-element_type=\"widget\" data-e-type=\"widget\" data-widget_type=\"panthar-icon-box-widget.default\">\n\t\t\t\t<div class=\"elementor-widget-container\">\n\t\t\t\t\t            <div class=\"intro-icon-box-3 icon-box-item top\"\n                 style=\"text-align:left\">\n                <div class=\"icon-wrap\">\n                                            <div class=\"icon\">\n                                                    <\/div>\n                                    <\/div>\n                <div class=\"content\">\n                    <a class=\"icon-box-anchor\" ><h3 class=\"title\">Marmara Regional Directorate<\/h3><\/a><p>Ku\u015ftepe Mahallesi Leylak 1 Sokak Murat \u0130\u015f Merkezi B Blok No:5 Mecidiyek\u00f6y<\/p><h2 class=\"count-value \">\u015ei\u015fli\/\u0130stanbul <i class=\"icomoon-top-right-arrow\"><\/i><\/h2>                <\/div>\n            <\/div>\n        \t\t\t\t<\/div>\n\t\t\t\t<\/div>\n\t\t\t\t<div class=\"elementor-element elementor-element-9f14222 elementor-widget elementor-widget-panthar-icon-box-widget\" data-id=\"9f14222\" data-element_type=\"widget\" data-e-type=\"widget\" data-widget_type=\"panthar-icon-box-widget.default\">\n\t\t\t\t<div class=\"elementor-widget-container\">\n\t\t\t\t\t            <div class=\"intro-icon-box-3 icon-box-item top\"\n                 style=\"text-align:left\">\n                <div class=\"icon-wrap\">\n                                            <div class=\"icon\">\n                                                    <\/div>\n                                    <\/div>\n                <div class=\"content\">\n                    <a class=\"icon-box-anchor\" ><h3 class=\"title\">Aegean Regional Directorate<\/h3><\/a><p>Adalet Mahallesi Manas Bulvar\u0131 No:44 Ata Plaza K:2 D:5 \n\n<\/p><h2 class=\"count-value \">Bayrakl\u0131\/\u0130zmir <i class=\"icomoon-top-right-arrow\"><\/i><\/h2>                <\/div>\n            <\/div>\n        \t\t\t\t<\/div>\n\t\t\t\t<\/div>\n\t\t\t\t\t<\/div>\n\t\t<\/div>\n\t\t\t\t\t<\/div>\n\t\t<\/section>\n\t\t<div class=\"elementor-element elementor-element-548643b e-flex e-con-boxed e-con e-parent\" data-id=\"548643b\" data-element_type=\"container\" data-e-type=\"container\">\n\t\t\t\t\t<div class=\"e-con-inner\">\n\t\t\t\t<div class=\"elementor-element elementor-element-9fadb02 elementor-widget elementor-widget-panthar-section-title-widget\" data-id=\"9fadb02\" data-element_type=\"widget\" data-e-type=\"widget\" data-widget_type=\"panthar-section-title-widget.default\">\n\t\t\t\t<div class=\"elementor-widget-container\">\n\t\t\t\t\t\r\n        <div class=\"theme-heading-title\" style=\"text-align:center\">\r\n                                        <h3 class=\"title\">\r\n                    CONTACT US                <\/h3>\r\n                                                        <\/div>\r\n        \t\t\t\t<\/div>\n\t\t\t\t<\/div>\n\t\t\t\t\t<\/div>\n\t\t\t\t<\/div>\n\t\t\t\t<section class=\"elementor-section elementor-top-section elementor-element elementor-element-3d6a0bb elementor-section-boxed elementor-section-height-default elementor-section-height-default\" data-id=\"3d6a0bb\" data-element_type=\"section\" data-e-type=\"section\">\n\t\t\t\t\t\t\t<div class=\"elementor-background-overlay\"><\/div>\n\t\t\t\t\t\t\t<div class=\"elementor-container elementor-column-gap-default\">\n\t\t\t\t\t<div class=\"elementor-column elementor-col-100 elementor-top-column elementor-element elementor-element-5605e6f\" data-id=\"5605e6f\" data-element_type=\"column\" data-e-type=\"column\">\n\t\t\t<div class=\"elementor-widget-wrap elementor-element-populated\">\n\t\t\t\t\t\t<section class=\"elementor-section elementor-inner-section elementor-element elementor-element-ae43ec1 elementor-section-boxed elementor-section-height-default elementor-section-height-default\" data-id=\"ae43ec1\" data-element_type=\"section\" data-e-type=\"section\">\n\t\t\t\t\t\t<div class=\"elementor-container elementor-column-gap-default\">\n\t\t\t\t\t<div class=\"elementor-column elementor-col-50 elementor-inner-column elementor-element elementor-element-179f64b\" data-id=\"179f64b\" data-element_type=\"column\" data-e-type=\"column\">\n\t\t\t<div class=\"elementor-widget-wrap elementor-element-populated\">\n\t\t\t\t\t\t<div class=\"elementor-element elementor-element-f6d042d elementor-widget elementor-widget-html\" data-id=\"f6d042d\" data-element_type=\"widget\" data-e-type=\"widget\" data-widget_type=\"html.default\">\n\t\t\t\t<div class=\"elementor-widget-container\">\n\t\t\t\t\t<iframe src=\"https:\/\/www.google.com\/maps\/embed?pb=!1m18!1m12!1m3!1d372.03855661414036!2d29.094371367114586!3d37.78326830214133!2m3!1f0!2f0!3f0!3m2!1i1024!2i768!4f13.1!3m3!1m2!1s0x14c73fa5e47eb7ed%3A0xc4879612e94df927!2sDesecure%20%C3%96zel%20G%C3%BCvenlik!5e0!3m2!1str!2str!4v1716290965919!5m2!1str!2str\" width=\"600\" height=\"450\" style=\"border:0;\" allowfullscreen=\"\" loading=\"lazy\" referrerpolicy=\"no-referrer-when-downgrade\"><\/iframe>\t\t\t\t<\/div>\n\t\t\t\t<\/div>\n\t\t\t\t\t<\/div>\n\t\t<\/div>\n\t\t\t\t<div class=\"elementor-column elementor-col-50 elementor-inner-column elementor-element elementor-element-22004ca\" data-id=\"22004ca\" data-element_type=\"column\" data-e-type=\"column\">\n\t\t\t<div class=\"elementor-widget-wrap elementor-element-populated\">\n\t\t\t\t\t\t<div class=\"elementor-element elementor-element-3330087 elementor-widget elementor-widget-shortcode\" data-id=\"3330087\" data-element_type=\"widget\" data-e-type=\"widget\" data-widget_type=\"shortcode.default\">\n\t\t\t\t<div class=\"elementor-widget-container\">\n\t\t\t\t\t\t\t<div class=\"elementor-shortcode\"><p class=\"wpcf7-contact-form-not-found\"><strong>Error:<\/strong> Contact form not found.<\/p><\/div>\n\t\t\t\t\t\t<\/div>\n\t\t\t\t<\/div>\n\t\t\t\t\t<\/div>\n\t\t<\/div>\n\t\t\t\t\t<\/div>\n\t\t<\/section>\n\t\t\t\t\t<\/div>\n\t\t<\/div>\n\t\t\t\t\t<\/div>\n\t\t<\/section>\n\t\t<div class=\"elementor-element elementor-element-9eff905 e-flex e-con-boxed e-con e-parent\" data-id=\"9eff905\" data-element_type=\"container\" data-e-type=\"container\">\n\t\t\t\t\t<div class=\"e-con-inner\">\n\t\t\t\t<div class=\"elementor-element elementor-element-be17946 elementor-widget elementor-widget-html\" data-id=\"be17946\" data-element_type=\"widget\" data-e-type=\"widget\" data-widget_type=\"html.default\">\n\t\t\t\t<div class=\"elementor-widget-container\">\n\t\t\t\t\t<style>\n   form {\n    width: 100%;\n    max-width: 500px;\n    margin: 0 auto;\n}\n\nlabel {\n    display: block;\n    margin-bottom: 10px;\n    font-weight: bold;\n}\n\ninput[type=\"text\"],\ninput[type=\"email\"],\ninput[type=\"tel\"],\ntextarea {\n    width: 100%;\n    padding: 10px;\n    margin-bottom: 20px;\n    border: 1px solid #ccc;\n    border-radius: 5px;\n    box-sizing: border-box;\n}\n\ntextarea {\n    height: 150px;\n    resize: vertical;\n}\n\nbutton {\n    background-color: #A32236;\n    color: white;\n    padding: 10px 20px;\n    border: none;\n    border-radius: 5px;\n    cursor: pointer;\n}\n\nbutton:hover {\n    background-color: black;\n}\n\nlabel[for=\"consent\"] {\n    display: flex;\n    align-items: center;\n}\n\nlabel[for=\"consent\"] input {\n    margin-right: 10px;\n}\n\n.wpcf7-submit {\n    background-color: #A32236;\n    color: white;\n    padding: 10px 20px;\n    border: none;\n    border-radius: 5px;\n    cursor: pointer;\n}\n\n.wpcf7-submit:hover {\n    background-color: black;\n}\n\n\n<\/style>\t\t\t\t<\/div>\n\t\t\t\t<\/div>\n\t\t\t\t\t<\/div>\n\t\t\t\t<\/div>\n\t\t<div class=\"elementor-element elementor-element-be27610 e-flex e-con-boxed e-con e-parent\" data-id=\"be27610\" data-element_type=\"container\" data-e-type=\"container\">\n\t\t\t\t\t<div class=\"e-con-inner\">\n\t\t\t\t<div class=\"elementor-element elementor-element-70889c2 elementor-widget elementor-widget-html\" data-id=\"70889c2\" data-element_type=\"widget\" data-e-type=\"widget\" data-widget_type=\"html.default\">\n\t\t\t\t<div class=\"elementor-widget-container\">\n\t\t\t\t\t<link rel=\"stylesheet\" href=\"https:\/\/unpkg.com\/swiper\/swiper-bundle.min.css\" \/>\r\n<script src=\"https:\/\/unpkg.com\/swiper\/swiper-bundle.min.js\"><\/script>\r\n<style>\r\n\/* Swiper container ayarlar\u0131 *\/\r\n.swiper-container {\r\n    width: 80%; \/* Geni\u015fli\u011fi k\u00fc\u00e7\u00fclt *\/\r\n    height: 100%;\r\n    box-sizing: border-box; \/* Ta\u015fma sorunlar\u0131n\u0131 \u00f6nlemek i\u00e7in *\/\r\n    overflow: hidden; \/* Ta\u015fma sorunlar\u0131n\u0131 \u00f6nlemek i\u00e7in *\/\r\n    margin: 0 auto; \/* Ortalamak i\u00e7in *\/\r\n}\r\n\r\n\/* Swiper slide ayarlar\u0131 *\/\r\n.swiper-slide {\r\n    text-align: center;\r\n    font-size: 18px;\r\n    background: #fff;\r\n    display: flex;\r\n    justify-content: center;\r\n    align-items: center;\r\n    box-sizing: border-box; \/* Ta\u015fma sorunlar\u0131n\u0131 \u00f6nlemek i\u00e7in *\/\r\n    overflow: hidden; \/* Ta\u015fma sorunlar\u0131n\u0131 \u00f6nlemek i\u00e7in *\/\r\n}\r\n\r\n\/* G\u00f6rsellerin responsive olmas\u0131n\u0131 sa\u011flama *\/\r\n.swiper-slide img {\r\n    display: block;\r\n    width: 100%;\r\n    height: auto;\r\n}\r\n\r\n\/* Sa\u011f ve sol oklar\u0131 \u00f6zelle\u015ftir *\/\r\n.swiper-button-next, .swiper-button-prev {\r\n    color: red; \/* Oklar\u0131 k\u0131rm\u0131z\u0131 yap *\/\r\n    background-color: transparent; \/* Arka plan\u0131 kald\u0131r *\/\r\n    border-radius: 50%; \/* Yuvarlak \u015fekil *\/\r\n    width: 30px; \/* Oklar\u0131 k\u00fc\u00e7\u00fclt *\/\r\n    height: 30px; \/* Oklar\u0131 k\u00fc\u00e7\u00fclt *\/\r\n    display: flex;\r\n    align-items: center;\r\n    justify-content: center;\r\n}\r\n\r\n\/* Sa\u011f ok *\/\r\n.swiper-button-next {\r\n    right: -10px; \/* Sa\u011f d\u0131\u015fa ta\u015f\u0131r *\/\r\n}\r\n\r\n\/* Sol ok *\/\r\n.swiper-button-prev {\r\n    left: -10px; \/* Sol d\u0131\u015fa ta\u015f\u0131r *\/\r\n}\r\n\r\n\/* Hover efektini kald\u0131r *\/\r\n.swiper-button-next:hover, .swiper-button-prev:hover {\r\n    background-color: transparent;\r\n    color: red;\r\n}\r\n<\/style>\r\n<div class=\"swiper-container\">\r\n    <div class=\"swiper-wrapper\">\r\n        <div class=\"swiper-slide\">\r\n            <a href=\"https:\/\/desecuretechnology.com\/mobil-guvenlik-sistemi\/\">\r\n                <img decoding=\"async\" src=\"https:\/\/desecuretechnology.com\/wp-content\/uploads\/2024\/05\/mgs-1.png\" alt=\"G\u00fcvenlik Teknolojileri\">\r\n            <\/a>\r\n        <\/div>\r\n        <div class=\"swiper-slide\">\r\n            <a href=\"https:\/\/desecuretechnology.com\/desecure-drone\/\">\r\n                <img decoding=\"async\" src=\"https:\/\/desecuretechnology.com\/wp-content\/uploads\/2024\/05\/drone.png\" alt=\"G\u00fcvenlik Teknolojileri\">\r\n            <\/a>\r\n        <\/div>\r\n        <div class=\"swiper-slide\">\r\n            <a href=\"https:\/\/desecuretechnology.com\/video-analizi\/\">\r\n                <img decoding=\"async\" src=\"https:\/\/desecuretechnology.com\/wp-content\/uploads\/2024\/05\/sas.png\" alt=\"G\u00fcvenlik Teknolojileri\">\r\n            <\/a>\r\n        <\/div>\r\n        <div class=\"swiper-slide\">\r\n            <a href=\"https:\/\/desecuretechnology.com\/mesai-takip-sistemi\/\">\r\n                <img decoding=\"async\" src=\"https:\/\/desecuretechnology.com\/wp-content\/uploads\/2024\/05\/mts.png\" alt=\"G\u00fcvenlik Teknolojileri\">\r\n            <\/a>\r\n        <\/div>\r\n        <div class=\"swiper-slide\">\r\n            <a href=\"https:\/\/desecuretechnology.com\/desecure-hayat\/\">\r\n                <img decoding=\"async\" src=\"https:\/\/desecuretechnology.com\/wp-content\/uploads\/2024\/05\/hayat.png\" alt=\"G\u00fcvenlik Teknolojileri\">\r\n            <\/a>\r\n        <\/div>\r\n        <div class=\"swiper-slide\">\r\n            <a href=\"https:\/\/desecuretechnology.com\/mobil-izleme-hizmeti\/\">\r\n                <img decoding=\"async\" src=\"https:\/\/desecuretechnology.com\/wp-content\/uploads\/2024\/05\/gozcu.png\" alt=\"G\u00fcvenlik Teknolojileri\">\r\n            <\/a>\r\n        <\/div>\r\n        <!-- Gerekirse daha fazla slide ekleyebilirsiniz -->\r\n    <\/div>\r\n    <!-- Pagination Ekle -->\r\n    <div class=\"swiper-pagination\"><\/div>\r\n    <!-- Navigation Ekle -->\r\n    <div class=\"swiper-button-next\"><\/div>\r\n    <div class=\"swiper-button-prev\"><\/div>\r\n<\/div>\r\n<script>\r\n  var swiper = new Swiper('.swiper-container', {\r\n    slidesPerView: 4,   \/\/ Bir seferde 4 g\u00f6rsel g\u00f6ster\r\n    spaceBetween: 10,   \/\/ G\u00f6rseller aras\u0131ndaki bo\u015fluk\r\n    slidesPerGroup: 1,  \/\/ Her seferinde 1 slide kayd\u0131r\r\n    loop: true,         \/\/ Sonsuz d\u00f6ng\u00fc\r\n    pagination: {\r\n      el: '.swiper-pagination',\r\n      clickable: true,\r\n    },\r\n    navigation: {\r\n      nextEl: '.swiper-button-next',\r\n      prevEl: '.swiper-button-prev',\r\n    },\r\n    autoplay: {\r\n      delay: 3000, \/\/ 4 saniye\r\n      disableOnInteraction: false, \/\/ Kullan\u0131c\u0131 etkile\u015fimi sonras\u0131 durma\r\n    },\r\n  });\r\n<\/script>\r\n\t\t\t\t<\/div>\n\t\t\t\t<\/div>\n\t\t\t\t\t<\/div>\n\t\t\t\t<\/div>\n\t\t\t\t<\/div>\n\t\t","protected":false},"excerpt":{"rendered":"<p>General Directorate Toprakl\u0131k Mahallesi \u0130zmir Bulvar\u0131 No:17\/A Pamukkale\/Denizli Phone 444 76 98 E-Mail bilgi@desecuretechnology.com Western Black Sea Regional Directorate Sa\u011fl\u0131k Mahallesi Mehmet Zekai Konpara Bulvar\u0131 No:31\/A 13-14 Merkez\/Bolu Eastern Anatolia Regional Directorate \u00d6zalper Mahallesi Kemal Tahir Sokak 11\/15-3 Ye\u015filyurt\/Malatya Marmara Regional Directorate Ku\u015ftepe Mahallesi Leylak 1 Sokak Murat \u0130\u015f Merkezi B Blok No:5 Mecidiyek\u00f6y \u015ei\u015fli\/\u0130stanbul<\/p>\n","protected":false},"author":1,"featured_media":0,"parent":0,"menu_order":0,"comment_status":"closed","ping_status":"closed","template":"","meta":{"footnotes":""},"class_list":["post-11072","page","type-page","status-publish","hentry"],"_links":{"self":[{"href":"https:\/\/desecuretechnology.com\/en\/wp-json\/wp\/v2\/pages\/11072","targetHints":{"allow":["GET"]}}],"collection":[{"href":"https:\/\/desecuretechnology.com\/en\/wp-json\/wp\/v2\/pages"}],"about":[{"href":"https:\/\/desecuretechnology.com\/en\/wp-json\/wp\/v2\/types\/page"}],"author":[{"embeddable":true,"href":"https:\/\/desecuretechnology.com\/en\/wp-json\/wp\/v2\/users\/1"}],"replies":[{"embeddable":true,"href":"https:\/\/desecuretechnology.com\/en\/wp-json\/wp\/v2\/comments?post=11072"}],"version-history":[{"count":11,"href":"https:\/\/desecuretechnology.com\/en\/wp-json\/wp\/v2\/pages\/11072\/revisions"}],"predecessor-version":[{"id":13164,"href":"https:\/\/desecuretechnology.com\/en\/wp-json\/wp\/v2\/pages\/11072\/revisions\/13164"}],"wp:attachment":[{"href":"https:\/\/desecuretechnology.com\/en\/wp-json\/wp\/v2\/media?parent=11072"}],"curies":[{"name":"wp","href":"https:\/\/api.w.org\/{rel}","templated":true}]}}